{"id":109,"date":"2025-04-27T22:13:30","date_gmt":"2025-04-27T20:13:30","guid":{"rendered":"https:\/\/kolonicskriszta.hu\/?page_id=109"},"modified":"2026-03-02T18:26:26","modified_gmt":"2026-03-02T17:26:26","slug":"esemenyek","status":"publish","type":"page","link":"https:\/\/kolonicskriszta.hu\/","title":{"rendered":"Esem\u00e9nyek"},"content":{"rendered":"\n<div class=\"wp-block-uagb-container uagb-block-b1742b44 alignfull uagb-is-root-container\"><div class=\"uagb-container-inner-blocks-wrap\">\n<div class=\"wp-block-uagb-slider uagb-block-9c51cf8f uagb-slider-container\"><div class=\"uagb-slides uagb-swiper\"><div class=\"swiper-wrapper\">\n<div class=\"wp-block-uagb-slider-child uagb-slider-child-wrap swiper-slide uagb-block-30baed34\"><div class=\"swiper-content\">\n<div class=\"wp-block-uagb-container uagb-block-a2635f5c\"><\/div>\n\n\n\n<div class=\"wp-block-uagb-info-box uagb-block-3b190b3d uagb-infobox__content-wrap  uagb-infobox-icon-above-title uagb-infobox-image-valign-top\"><div class=\"uagb-ifb-content\"><div class=\"uagb-ifb-icon-wrap\"><svg xmlns=\"https:\/\/www.w3.org\/2000\/svg\" viewBox=\"0 0 512 512\"><path d=\"M304 48C304 74.51 282.5 96 256 96C229.5 96 208 74.51 208 48C208 21.49 229.5 0 256 0C282.5 0 304 21.49 304 48zM304 464C304 490.5 282.5 512 256 512C229.5 512 208 490.5 208 464C208 437.5 229.5 416 256 416C282.5 416 304 437.5 304 464zM0 256C0 229.5 21.49 208 48 208C74.51 208 96 229.5 96 256C96 282.5 74.51 304 48 304C21.49 304 0 282.5 0 256zM512 256C512 282.5 490.5 304 464 304C437.5 304 416 282.5 416 256C416 229.5 437.5 208 464 208C490.5 208 512 229.5 512 256zM74.98 437C56.23 418.3 56.23 387.9 74.98 369.1C93.73 350.4 124.1 350.4 142.9 369.1C161.6 387.9 161.6 418.3 142.9 437C124.1 455.8 93.73 455.8 74.98 437V437zM142.9 142.9C124.1 161.6 93.73 161.6 74.98 142.9C56.24 124.1 56.24 93.73 74.98 74.98C93.73 56.23 124.1 56.23 142.9 74.98C161.6 93.73 161.6 124.1 142.9 142.9zM369.1 369.1C387.9 350.4 418.3 350.4 437 369.1C455.8 387.9 455.8 418.3 437 437C418.3 455.8 387.9 455.8 369.1 437C350.4 418.3 350.4 387.9 369.1 369.1V369.1z\"><\/path><\/svg><\/div><div class=\"uagb-ifb-title-wrap\"><div class=\"uagb-ifb-separator\"><\/div><h3 class=\"uagb-ifb-title\">Reiki I. tanfolyam<\/h3><\/div><p class=\"uagb-ifb-desc\">B\u0151vebb inform\u00e1ci\u00f3: <a href=\"https:\/\/www.reikikepzes.hu\">https:\/\/www.reikikepzes.hu<\/a><\/p><\/div><\/div>\n\n\n\n<div class=\"wp-block-uagb-image aligncenter uagb-block-b2e3c661 wp-block-uagb-image--layout-default wp-block-uagb-image--effect-static wp-block-uagb-image--align-center\"><figure class=\"wp-block-uagb-image__figure\"><img decoding=\"async\" srcset=\"https:\/\/kolonicskriszta.hu\/wp-content\/uploads\/2026\/01\/Beige-Aesthetic-Reiki-and-Energy-Healing-Workshop-Mockup-Facebook-Post-3-300x251.png ,https:\/\/kolonicskriszta.hu\/wp-content\/uploads\/2026\/01\/Beige-Aesthetic-Reiki-and-Energy-Healing-Workshop-Mockup-Facebook-Post-3.png 780w, https:\/\/kolonicskriszta.hu\/wp-content\/uploads\/2026\/01\/Beige-Aesthetic-Reiki-and-Energy-Healing-Workshop-Mockup-Facebook-Post-3.png 360w\" sizes=\"auto, (max-width: 480px) 150px\" src=\"https:\/\/kolonicskriszta.hu\/wp-content\/uploads\/2026\/01\/Beige-Aesthetic-Reiki-and-Energy-Healing-Workshop-Mockup-Facebook-Post-3-300x251.png\" alt=\"\" class=\"uag-image-501\" width=\"400\" height=\"251\" title=\"Beige Aesthetic Reiki and Energy Healing Workshop Mockup Facebook Post\" loading=\"lazy\" role=\"img\"\/><\/figure><\/div>\n<\/div><\/div>\n\n\n\n<div class=\"wp-block-uagb-slider-child uagb-slider-child-wrap swiper-slide uagb-block-c27a6569\"><div class=\"swiper-content\">\n<div class=\"wp-block-uagb-container uagb-block-32d91d9b\">\n<div class=\"wp-block-uagb-info-box uagb-block-5c15a3da uagb-infobox__content-wrap  uagb-infobox-icon-above-title uagb-infobox-image-valign-top\"><div class=\"uagb-ifb-content\"><div class=\"uagb-ifb-icon-wrap\"><svg xmlns=\"https:\/\/www.w3.org\/2000\/svg\" viewBox=\"0 0 512 512\"><path d=\"M304 48C304 74.51 282.5 96 256 96C229.5 96 208 74.51 208 48C208 21.49 229.5 0 256 0C282.5 0 304 21.49 304 48zM304 464C304 490.5 282.5 512 256 512C229.5 512 208 490.5 208 464C208 437.5 229.5 416 256 416C282.5 416 304 437.5 304 464zM0 256C0 229.5 21.49 208 48 208C74.51 208 96 229.5 96 256C96 282.5 74.51 304 48 304C21.49 304 0 282.5 0 256zM512 256C512 282.5 490.5 304 464 304C437.5 304 416 282.5 416 256C416 229.5 437.5 208 464 208C490.5 208 512 229.5 512 256zM74.98 437C56.23 418.3 56.23 387.9 74.98 369.1C93.73 350.4 124.1 350.4 142.9 369.1C161.6 387.9 161.6 418.3 142.9 437C124.1 455.8 93.73 455.8 74.98 437V437zM142.9 142.9C124.1 161.6 93.73 161.6 74.98 142.9C56.24 124.1 56.24 93.73 74.98 74.98C93.73 56.23 124.1 56.23 142.9 74.98C161.6 93.73 161.6 124.1 142.9 142.9zM369.1 369.1C387.9 350.4 418.3 350.4 437 369.1C455.8 387.9 455.8 418.3 437 437C418.3 455.8 387.9 455.8 369.1 437C350.4 418.3 350.4 387.9 369.1 369.1V369.1z\"><\/path><\/svg><\/div><div class=\"uagb-ifb-title-wrap\"><div class=\"uagb-ifb-separator\"><\/div><h3 class=\"uagb-ifb-title\">Reiki t\u00e1bor<\/h3><\/div><p class=\"uagb-ifb-desc\">B\u0151vebb inform\u00e1ci\u00f3: <a href=\"https:\/\/www.reikiklub.hu\/reiki-tabor\/\">https:\/\/www.reikiklub.hu\/reiki-tabor\/<\/a><\/p><\/div><\/div>\n<\/div>\n\n\n\n<div class=\"wp-block-uagb-image aligncenter uagb-block-6ccfaa3a wp-block-uagb-image--layout-default wp-block-uagb-image--effect-static wp-block-uagb-image--align-center\"><figure class=\"wp-block-uagb-image__figure\"><img decoding=\"async\" srcset=\"https:\/\/kolonicskriszta.hu\/wp-content\/uploads\/2026\/01\/Reiki-tabor-3-5-300x251.png ,https:\/\/kolonicskriszta.hu\/wp-content\/uploads\/2026\/01\/Reiki-tabor-3-5.png 780w, https:\/\/kolonicskriszta.hu\/wp-content\/uploads\/2026\/01\/Reiki-tabor-3-5.png 360w\" sizes=\"auto, (max-width: 480px) 150px\" src=\"https:\/\/kolonicskriszta.hu\/wp-content\/uploads\/2026\/01\/Reiki-tabor-3-5-300x251.png\" alt=\"\" class=\"uag-image-502\" width=\"400\" height=\"251\" title=\"Reiki t\u00e1bor-3\" loading=\"lazy\" role=\"img\"\/><\/figure><\/div>\n<\/div><\/div>\n\n\n\n<div class=\"wp-block-uagb-slider-child uagb-slider-child-wrap swiper-slide uagb-block-a08c53a8\"><div class=\"swiper-content\">\n<div class=\"wp-block-uagb-container uagb-block-928a332e\">\n<div class=\"wp-block-uagb-info-box uagb-block-737cf40b uagb-infobox__content-wrap  uagb-infobox-icon-above-title uagb-infobox-image-valign-top\"><div class=\"uagb-ifb-content\"><div class=\"uagb-ifb-icon-wrap\"><svg xmlns=\"https:\/\/www.w3.org\/2000\/svg\" viewBox=\"0 0 512 512\"><path d=\"M304 48C304 74.51 282.5 96 256 96C229.5 96 208 74.51 208 48C208 21.49 229.5 0 256 0C282.5 0 304 21.49 304 48zM304 464C304 490.5 282.5 512 256 512C229.5 512 208 490.5 208 464C208 437.5 229.5 416 256 416C282.5 416 304 437.5 304 464zM0 256C0 229.5 21.49 208 48 208C74.51 208 96 229.5 96 256C96 282.5 74.51 304 48 304C21.49 304 0 282.5 0 256zM512 256C512 282.5 490.5 304 464 304C437.5 304 416 282.5 416 256C416 229.5 437.5 208 464 208C490.5 208 512 229.5 512 256zM74.98 437C56.23 418.3 56.23 387.9 74.98 369.1C93.73 350.4 124.1 350.4 142.9 369.1C161.6 387.9 161.6 418.3 142.9 437C124.1 455.8 93.73 455.8 74.98 437V437zM142.9 142.9C124.1 161.6 93.73 161.6 74.98 142.9C56.24 124.1 56.24 93.73 74.98 74.98C93.73 56.23 124.1 56.23 142.9 74.98C161.6 93.73 161.6 124.1 142.9 142.9zM369.1 369.1C387.9 350.4 418.3 350.4 437 369.1C455.8 387.9 455.8 418.3 437 437C418.3 455.8 387.9 455.8 369.1 437C350.4 418.3 350.4 387.9 369.1 369.1V369.1z\"><\/path><\/svg><\/div><div class=\"uagb-ifb-title-wrap\"><div class=\"uagb-ifb-separator\"><\/div><h3 class=\"uagb-ifb-title\">Tavaszi medit\u00e1ci\u00f3 sorozat<\/h3><\/div><p class=\"uagb-ifb-desc\">p\u00e9ntekenk\u00e9nt 18:00 \u00f3r\u00e1t\u00f3l<br>havonta 1 alkalom: m\u00e1rcius 20, \u00e1prilis 17, m\u00e1jus 22<\/p><\/div><\/div>\n\n\n\n<div class=\"wp-block-uagb-image uagb-block-cb22a12b wp-block-uagb-image--layout-default wp-block-uagb-image--effect-static wp-block-uagb-image--align-none\"><figure class=\"wp-block-uagb-image__figure\"><img decoding=\"async\" srcset=\"https:\/\/kolonicskriszta.hu\/wp-content\/uploads\/2026\/02\/Hangtalas-meditacio-sorozat-300x300.png ,https:\/\/kolonicskriszta.hu\/wp-content\/uploads\/2026\/02\/Hangtalas-meditacio-sorozat.png 780w, https:\/\/kolonicskriszta.hu\/wp-content\/uploads\/2026\/02\/Hangtalas-meditacio-sorozat.png 360w\" sizes=\"auto, (max-width: 480px) 150px\" src=\"https:\/\/kolonicskriszta.hu\/wp-content\/uploads\/2026\/02\/Hangtalas-meditacio-sorozat-300x300.png\" alt=\"\" class=\"uag-image-526\" width=\"300\" height=\"300\" title=\"Hangt\u00e1las medit\u00e1ci\u00f3 sorozat\" loading=\"lazy\" role=\"img\"\/><\/figure><\/div>\n<\/div>\n<\/div><\/div>\n\n\n\n<div class=\"wp-block-uagb-slider-child uagb-slider-child-wrap swiper-slide uagb-block-56e95d4d\"><div class=\"swiper-content\">\n<div class=\"wp-block-uagb-container uagb-block-6c293bcb\">\n<div class=\"wp-block-uagb-info-box uagb-block-c88fe527 uagb-infobox__content-wrap  uagb-infobox-icon-above-title uagb-infobox-image-valign-top\"><div class=\"uagb-ifb-content\"><div class=\"uagb-ifb-icon-wrap\"><svg xmlns=\"https:\/\/www.w3.org\/2000\/svg\" viewBox=\"0 0 512 512\"><path d=\"M304 48C304 74.51 282.5 96 256 96C229.5 96 208 74.51 208 48C208 21.49 229.5 0 256 0C282.5 0 304 21.49 304 48zM304 464C304 490.5 282.5 512 256 512C229.5 512 208 490.5 208 464C208 437.5 229.5 416 256 416C282.5 416 304 437.5 304 464zM0 256C0 229.5 21.49 208 48 208C74.51 208 96 229.5 96 256C96 282.5 74.51 304 48 304C21.49 304 0 282.5 0 256zM512 256C512 282.5 490.5 304 464 304C437.5 304 416 282.5 416 256C416 229.5 437.5 208 464 208C490.5 208 512 229.5 512 256zM74.98 437C56.23 418.3 56.23 387.9 74.98 369.1C93.73 350.4 124.1 350.4 142.9 369.1C161.6 387.9 161.6 418.3 142.9 437C124.1 455.8 93.73 455.8 74.98 437V437zM142.9 142.9C124.1 161.6 93.73 161.6 74.98 142.9C56.24 124.1 56.24 93.73 74.98 74.98C93.73 56.23 124.1 56.23 142.9 74.98C161.6 93.73 161.6 124.1 142.9 142.9zM369.1 369.1C387.9 350.4 418.3 350.4 437 369.1C455.8 387.9 455.8 418.3 437 437C418.3 455.8 387.9 455.8 369.1 437C350.4 418.3 350.4 387.9 369.1 369.1V369.1z\"><\/path><\/svg><\/div><div class=\"uagb-ifb-title-wrap\"><div class=\"uagb-ifb-separator\"><\/div><h3 class=\"uagb-ifb-title\">Akci\u00f3<\/h3><\/div><p class=\"uagb-ifb-desc\">9.000 Ft\/alkalom. Ha mind a 3 alkalomra j\u00f6nn\u00e9l egyben fizet\u00e9s eset\u00e9n 24.000 Ft\/3 alkalom<\/p><\/div><\/div>\n<\/div>\n\n\n\n<div class=\"wp-block-uagb-image aligncenter uagb-block-b5af0664 wp-block-uagb-image--layout-default wp-block-uagb-image--effect-static wp-block-uagb-image--align-center\"><figure class=\"wp-block-uagb-image__figure\"><img decoding=\"async\" srcset=\"https:\/\/kolonicskriszta.hu\/wp-content\/uploads\/2026\/02\/Hangtalas-meditacio-sorozat-300x300.png ,https:\/\/kolonicskriszta.hu\/wp-content\/uploads\/2026\/02\/Hangtalas-meditacio-sorozat.png 780w, https:\/\/kolonicskriszta.hu\/wp-content\/uploads\/2026\/02\/Hangtalas-meditacio-sorozat.png 360w\" sizes=\"auto, (max-width: 480px) 150px\" src=\"https:\/\/kolonicskriszta.hu\/wp-content\/uploads\/2026\/02\/Hangtalas-meditacio-sorozat-300x300.png\" alt=\"\" class=\"uag-image-526\" width=\"300\" height=\"300\" title=\"Hangt\u00e1las medit\u00e1ci\u00f3 sorozat\" loading=\"lazy\" role=\"img\"\/><\/figure><\/div>\n<\/div><\/div>\n<\/div><\/div><div class=\"swiper-pagination\"><\/div><div class=\"swiper-button-prev\"><\/div><div class=\"swiper-button-next\"><\/div><\/div>\n<\/div><\/div>\n\n\n\n<p><\/p>\n","protected":false},"excerpt":{"rendered":"","protected":false},"author":3,"featured_media":0,"parent":0,"menu_order":0,"comment_status":"closed","ping_status":"closed","template":"","meta":{"_uag_custom_page_level_css":"","_kadence_starter_templates_imported_post":false,"footnotes":""},"class_list":["post-109","page","type-page","status-publish","hentry","latest_post"],"uagb_featured_image_src":{"full":false,"thumbnail":false,"medium":false,"medium_large":false,"large":false,"1536x1536":false,"2048x2048":false,"chic-lite-schema":false,"chic-lite-slider":false,"chic-lite-slider-one":false,"chic-lite-featured-four":false,"chic-lite-blog":false,"chic-lite-latest":false,"chic-lite-blog-one":false,"chic-lite-sidebar":false},"uagb_author_info":{"display_name":"Kriszta Kolonics","author_link":"https:\/\/kolonicskriszta.hu\/index.php\/author\/mazsi\/"},"uagb_comment_info":0,"uagb_excerpt":null,"_links":{"self":[{"href":"https:\/\/kolonicskriszta.hu\/index.php\/wp-json\/wp\/v2\/pages\/109","targetHints":{"allow":["GET"]}}],"collection":[{"href":"https:\/\/kolonicskriszta.hu\/index.php\/wp-json\/wp\/v2\/pages"}],"about":[{"href":"https:\/\/kolonicskriszta.hu\/index.php\/wp-json\/wp\/v2\/types\/page"}],"author":[{"embeddable":true,"href":"https:\/\/kolonicskriszta.hu\/index.php\/wp-json\/wp\/v2\/users\/3"}],"replies":[{"embeddable":true,"href":"https:\/\/kolonicskriszta.hu\/index.php\/wp-json\/wp\/v2\/comments?post=109"}],"version-history":[{"count":37,"href":"https:\/\/kolonicskriszta.hu\/index.php\/wp-json\/wp\/v2\/pages\/109\/revisions"}],"predecessor-version":[{"id":592,"href":"https:\/\/kolonicskriszta.hu\/index.php\/wp-json\/wp\/v2\/pages\/109\/revisions\/592"}],"wp:attachment":[{"href":"https:\/\/kolonicskriszta.hu\/index.php\/wp-json\/wp\/v2\/media?parent=109"}],"curies":[{"name":"wp","href":"https:\/\/api.w.org\/{rel}","templated":true}]}}