{"id":138,"date":"2025-04-27T23:58:19","date_gmt":"2025-04-27T21:58:19","guid":{"rendered":"https:\/\/kolonicskriszta.hu\/?page_id=138"},"modified":"2026-02-10T21:58:21","modified_gmt":"2026-02-10T20:58:21","slug":"harmonizalo-energiak","status":"publish","type":"page","link":"https:\/\/kolonicskriszta.hu\/index.php\/harmonizalo-energiak\/","title":{"rendered":"Harmoniz\u00e1l\u00f3 energi\u00e1k"},"content":{"rendered":"\n<div class=\"wp-block-columns is-layout-flex wp-container-core-columns-is-layout-9d6595d7 wp-block-columns-is-layout-flex\">\n<div class=\"wp-block-column is-layout-flow wp-block-column-is-layout-flow\">\n<div class=\"wp-block-uagb-image uagb-block-e8d1330a wp-block-uagb-image--layout-default wp-block-uagb-image--effect-static wp-block-uagb-image--align-none\"><figure class=\"wp-block-uagb-image__figure\"><img decoding=\"async\" srcset=\"https:\/\/kolonicskriszta.hu\/wp-content\/uploads\/2025\/04\/Nevtelen-terv-7-1024x682.png ,https:\/\/kolonicskriszta.hu\/wp-content\/uploads\/2025\/04\/Nevtelen-terv-7.png 780w, https:\/\/kolonicskriszta.hu\/wp-content\/uploads\/2025\/04\/Nevtelen-terv-7.png 360w\" sizes=\"auto, (max-width: 480px) 150px\" src=\"https:\/\/kolonicskriszta.hu\/wp-content\/uploads\/2025\/04\/Nevtelen-terv-7-1024x682.png\" alt=\"\" class=\"uag-image-259\" width=\"4269\" height=\"2400\" title=\"Ne\u0301vtelen terv-7\" loading=\"lazy\" role=\"img\"\/><\/figure><\/div>\n\n\n\n<div class=\"wp-block-uagb-advanced-heading uagb-block-58e8adff\"><h2 class=\"uagb-heading-text\">REIKI<\/h2><\/div>\n\n\n\n<p><\/p>\n\n\n\n<p><strong>Az Univerz\u00e1lis Szeretet Energia<\/strong><\/p>\n\n\n\n<p>Fedezd fel a Reiki gy\u00f3gy\u00edt\u00f3 erej\u00e9t, amely nem csak a fizikai neh\u00e9zs\u00e9geken seg\u00edthet \u00e1t, hanem a lelki er\u0151t is megadhatja a neh\u00e9z \u00e9lethelyzetekhez.<\/p>\n\n\n\n<p><strong>T\u00f6bb mint 20 \u00e9ves tapasztalattal<\/strong> (els\u0151 beavat\u00e1som 2004-ben volt) \u00e9s az \u00f6sszes reiki fokozat elsaj\u00e1t\u00edt\u00e1s\u00e1val v\u00e1rlak, hogy te is megtapasztald az <strong>univerz\u00e1lis szeretet energia mindent \u00e1that\u00f3 erej\u00e9t<\/strong>. Hagyd magadra hatni ezt a gyeng\u00e9d, m\u00e9gis m\u00e9lyrehat\u00f3 energi\u00e1t!<\/p>\n\n\n\n<div class=\"wp-block-uagb-buttons uagb-buttons__outer-wrap uagb-btn__default-btn uagb-btn-tablet__default-btn uagb-btn-mobile__default-btn uagb-block-02f2cdfa\"><div class=\"uagb-buttons__wrap uagb-buttons-layout-wrap \">\n<div class=\"wp-block-uagb-buttons-child uagb-buttons__outer-wrap uagb-block-9829bf48 wp-block-button\"><div class=\"uagb-button__wrapper\"><a class=\"uagb-buttons-repeater wp-block-button__link\" aria-label=\"\" href=\"https:\/\/kolonicskriszta.hu\/index.php\/reiki\/\" rel=\"follow noopener\" target=\"_self\" role=\"button\"><div class=\"uagb-button__link\">Tov\u00e1bb olvasok<\/div><\/a><\/div><\/div>\n<\/div><\/div>\n<\/div>\n\n\n\n<div class=\"wp-block-column is-layout-flow wp-block-column-is-layout-flow\">\n<div class=\"wp-block-uagb-image uagb-block-8811cf88 wp-block-uagb-image--layout-default wp-block-uagb-image--effect-static wp-block-uagb-image--align-none\"><figure class=\"wp-block-uagb-image__figure\"><img decoding=\"async\" srcset=\"https:\/\/kolonicskriszta.hu\/wp-content\/uploads\/2025\/04\/Nevtelen-terv-8-1024x682.png ,https:\/\/kolonicskriszta.hu\/wp-content\/uploads\/2025\/04\/Nevtelen-terv-8.png 780w, https:\/\/kolonicskriszta.hu\/wp-content\/uploads\/2025\/04\/Nevtelen-terv-8.png 360w\" sizes=\"auto, (max-width: 480px) 150px\" src=\"https:\/\/kolonicskriszta.hu\/wp-content\/uploads\/2025\/04\/Nevtelen-terv-8-1024x682.png\" alt=\"\" class=\"uag-image-260\" width=\"4269\" height=\"2400\" title=\"Ne\u0301vtelen terv-8\" loading=\"lazy\" role=\"img\"\/><\/figure><\/div>\n\n\n\n<div class=\"wp-block-uagb-advanced-heading uagb-block-c1bd99a0\"><h2 class=\"uagb-heading-text\">HANGF\u00dcRD\u0150<\/h2><\/div>\n\n\n\n<p><\/p>\n\n\n\n<p><strong>L\u00e9pj be a hangok gy\u00f3gy\u00edt\u00f3 vil\u00e1g\u00e1ba!<\/strong><\/p>\n\n\n\n<p>Az <strong>egyedi k\u00e9sz\u00edt\u00e9s\u0171 hangt\u00e1lak \u00e9s gongok<\/strong> var\u00e1zslatos rezg\u00e9seivel seg\u00edtek elmer\u00fclni a m\u00e9ly pihen\u00e9sben \u00e9s a bels\u0151 harm\u00f3ni\u00e1ban.<\/p>\n\n\n\n<p><strong>60 perces hangf\u00fcrd\u0151 foglalkoz\u00e1saimon<\/strong> tapasztalhatod meg a hangok erej\u00e9t: cs\u00f6kken a stressz, javul a koncentr\u00e1ci\u00f3 \u00e9s el\u0151seg\u00edtj\u00fck a lelki j\u00f3l\u00e9tedet. <\/p>\n\n\n\n<p><strong>Van magadra egy \u00f3r\u00e1d?<\/strong> Akkor ne hagyd ki ezt az egyed\u00fcl\u00e1ll\u00f3 lehet\u0151s\u00e9get, hogy \u00fajra kapcsolatba l\u00e9pj \u00f6nmagaddal!<\/p>\n\n\n\n<div class=\"wp-block-uagb-buttons uagb-buttons__outer-wrap uagb-btn__default-btn uagb-btn-tablet__default-btn uagb-btn-mobile__default-btn uagb-block-f7af498a\"><div class=\"uagb-buttons__wrap uagb-buttons-layout-wrap \">\n<div class=\"wp-block-uagb-buttons-child uagb-buttons__outer-wrap uagb-block-5e50f9dd wp-block-button\"><div class=\"uagb-button__wrapper\"><a class=\"uagb-buttons-repeater wp-block-button__link\" aria-label=\"\" href=\"https:\/\/kolonicskriszta.hu\/index.php\/hangfurdo\/\" rel=\"follow noopener\" target=\"_self\" role=\"button\"><div class=\"uagb-button__link\">Tov\u00e1bb olvasok<\/div><\/a><\/div><\/div>\n<\/div><\/div>\n<\/div>\n\n\n\n<div class=\"wp-block-column is-layout-flow wp-block-column-is-layout-flow\">\n<div class=\"wp-block-uagb-image uagb-block-6818f5e6 wp-block-uagb-image--layout-default wp-block-uagb-image--effect-static wp-block-uagb-image--align-none\"><figure class=\"wp-block-uagb-image__figure\"><img decoding=\"async\" srcset=\"https:\/\/kolonicskriszta.hu\/wp-content\/uploads\/2025\/04\/Nevtelen-terv-9-1024x682.png ,https:\/\/kolonicskriszta.hu\/wp-content\/uploads\/2025\/04\/Nevtelen-terv-9.png 780w, https:\/\/kolonicskriszta.hu\/wp-content\/uploads\/2025\/04\/Nevtelen-terv-9.png 360w\" sizes=\"auto, (max-width: 480px) 150px\" src=\"https:\/\/kolonicskriszta.hu\/wp-content\/uploads\/2025\/04\/Nevtelen-terv-9-1024x682.png\" alt=\"\" class=\"uag-image-261\" width=\"4269\" height=\"2400\" title=\"Ne\u0301vtelen terv-9\" loading=\"lazy\" role=\"img\"\/><\/figure><\/div>\n\n\n\n<div class=\"wp-block-uagb-advanced-heading uagb-block-908d5fcc\"><h2 class=\"uagb-heading-text\">MEDIT\u00c1CI\u00d3<\/h2><\/div>\n\n\n\n<p><\/p>\n\n\n\n<p><strong>Tal\u00e1ld meg a Bels\u0151 B\u00e9k\u00e9det<\/strong><\/p>\n\n\n\n<p>Engedd meg magadnak, hogy elindulj egy csod\u00e1latos bels\u0151 utaz\u00e1sra, ahol megtal\u00e1lhatod a bels\u0151 b\u00e9k\u00e9det \u00e9s harm\u00f3ni\u00e1dat! Vezetett medit\u00e1ci\u00f3s foglalkoz\u00e1saimon biztons\u00e1gos \u00e9s t\u00e1mogat\u00f3 k\u00f6rnyezetben fedezheted fel a medit\u00e1ci\u00f3 erej\u00e9t.<\/p>\n\n\n\n<p>Tal\u00e1lhatsz <strong>tematikus programokat<\/strong> \u00e9s <strong>kis csoportos medit\u00e1ci\u00f3kat<\/strong>, ahol a figyelem \u00e9s a tudatoss\u00e1g erej\u00e9vel cs\u00f6kkentheted a stresszt, jav\u00edthatod a koncentr\u00e1ci\u00f3dat \u00e9s m\u00e9lyebb kapcsolatba ker\u00fclhetsz \u00f6nmagaddal. Kezdd el m\u00e9g ma a bels\u0151 utaz\u00e1sodat!<\/p>\n\n\n\n<div class=\"wp-block-uagb-buttons uagb-buttons__outer-wrap uagb-btn__default-btn uagb-btn-tablet__default-btn uagb-btn-mobile__default-btn uagb-block-dde61735\"><div class=\"uagb-buttons__wrap uagb-buttons-layout-wrap \">\n<div class=\"wp-block-uagb-buttons-child uagb-buttons__outer-wrap uagb-block-9cf23e23 wp-block-button\"><div class=\"uagb-button__wrapper\"><a class=\"uagb-buttons-repeater wp-block-button__link\" aria-label=\"\" href=\"https:\/\/kolonicskriszta.hu\/index.php\/meditacio\/\" rel=\"follow noopener\" target=\"_self\" role=\"button\"><div class=\"uagb-button__link\">Tov\u00e1bb olvasok<\/div><\/a><\/div><\/div>\n<\/div><\/div>\n<\/div>\n<\/div>\n\n\n\n<p><\/p>\n","protected":false},"excerpt":{"rendered":"<p>REIKI Az Univerz\u00e1lis Szeretet Energia Fedezd fel a Reiki gy\u00f3gy\u00edt\u00f3 &hellip; <\/p>\n","protected":false},"author":3,"featured_media":0,"parent":0,"menu_order":0,"comment_status":"closed","ping_status":"closed","template":"","meta":{"_uag_custom_page_level_css":"","_kadence_starter_templates_imported_post":false,"footnotes":""},"class_list":["post-138","page","type-page","status-publish","hentry","latest_post"],"uagb_featured_image_src":{"full":false,"thumbnail":false,"medium":false,"medium_large":false,"large":false,"1536x1536":false,"2048x2048":false,"chic-lite-schema":false,"chic-lite-slider":false,"chic-lite-slider-one":false,"chic-lite-featured-four":false,"chic-lite-blog":false,"chic-lite-latest":false,"chic-lite-blog-one":false,"chic-lite-sidebar":false},"uagb_author_info":{"display_name":"Kriszta Kolonics","author_link":"https:\/\/kolonicskriszta.hu\/index.php\/author\/mazsi\/"},"uagb_comment_info":0,"uagb_excerpt":"REIKI Az Univerz\u00e1lis Szeretet Energia Fedezd fel a Reiki gy\u00f3gy\u00edt\u00f3 &hellip;","_links":{"self":[{"href":"https:\/\/kolonicskriszta.hu\/index.php\/wp-json\/wp\/v2\/pages\/138","targetHints":{"allow":["GET"]}}],"collection":[{"href":"https:\/\/kolonicskriszta.hu\/index.php\/wp-json\/wp\/v2\/pages"}],"about":[{"href":"https:\/\/kolonicskriszta.hu\/index.php\/wp-json\/wp\/v2\/types\/page"}],"author":[{"embeddable":true,"href":"https:\/\/kolonicskriszta.hu\/index.php\/wp-json\/wp\/v2\/users\/3"}],"replies":[{"embeddable":true,"href":"https:\/\/kolonicskriszta.hu\/index.php\/wp-json\/wp\/v2\/comments?post=138"}],"version-history":[{"count":37,"href":"https:\/\/kolonicskriszta.hu\/index.php\/wp-json\/wp\/v2\/pages\/138\/revisions"}],"predecessor-version":[{"id":594,"href":"https:\/\/kolonicskriszta.hu\/index.php\/wp-json\/wp\/v2\/pages\/138\/revisions\/594"}],"wp:attachment":[{"href":"https:\/\/kolonicskriszta.hu\/index.php\/wp-json\/wp\/v2\/media?parent=138"}],"curies":[{"name":"wp","href":"https:\/\/api.w.org\/{rel}","templated":true}]}}