{"id":180,"date":"2025-04-28T22:26:27","date_gmt":"2025-04-28T20:26:27","guid":{"rendered":"https:\/\/kolonicskriszta.hu\/?page_id=180"},"modified":"2026-02-10T21:36:38","modified_gmt":"2026-02-10T20:36:38","slug":"hangfurdo","status":"publish","type":"page","link":"https:\/\/kolonicskriszta.hu\/index.php\/hangfurdo\/","title":{"rendered":"HANGF\u00dcRD\u0150"},"content":{"rendered":"\n<h4 class=\"wp-block-heading has-text-align-center has-background\" style=\"background-color:#f5fafd\"><strong>Fedezd fel az egyedi k\u00e9sz\u00edt\u00e9s\u0171 hangt\u00e1lak \u00e9s gongok var\u00e1zslatos vil\u00e1g\u00e1t a hangf\u00fcrd\u0151k\u00f6n kereszt\u00fcl!<\/strong><\/h4>\n\n\n\n<p>K\u00e9pzeld el, ahogy l\u00e1gy, m\u00e9gis m\u00e9lyrehat\u00f3 rezg\u00e9sek j\u00e1rj\u00e1k \u00e1t tested minden porcik\u00e1j\u00e1t, elvezetve egy olyan b\u00e9k\u00e9s, nyugodt \u00e1llapotba, amelyet ritk\u00e1n tapasztalhatsz meg a mindennapok rohan\u00e1s\u00e1ban. Ez a <strong>hangter\u00e1pia<\/strong> l\u00e9nyege, melynek egyik legn\u00e9pszer\u0171bb \u00e9s legm\u00e9lyebb form\u00e1ja a <strong>hangf\u00fcrd\u0151<\/strong>, ahol az <strong>egyedi k\u00e9sz\u00edt\u00e9s\u0171 hangt\u00e1lak \u00e9s gongok<\/strong> ereje bontakozik ki.<\/p>\n\n\n\n<p><strong>Az egyedi hangszerek, melyek a lelkedhez sz\u00f3lnak<\/strong> Minden \u00e1ltalam haszn\u00e1lt hangt\u00e1l \u00e9s gong k\u00fcl\u00f6nleges figyelmet kap. Ezek a hangszerek nem csup\u00e1n f\u00e9mes t\u00e1rgyak, hanem gondos k\u00e9zm\u0171ves munka, \u0151si hagyom\u00e1nyok \u00e9s a modern akusztikai tud\u00e1s \u00f6tv\u00f6zet\u00e9nek eredm\u00e9nyei. K\u00e9zzel kov\u00e1csolt vagy \u00f6nt\u00f6tt csod\u00e1k, melyek mindegyike egyedi hangz\u00e1ssal \u00e9s rezg\u00e9ssel b\u00edr. A speci\u00e1lis anyag\u00f6sszet\u00e9tel \u00e9s a prec\u00edz hangol\u00e1s biztos\u00edtja, hogy olyan tiszta \u00e9s m\u00e9ly rezonanci\u00e1t bocs\u00e1ssanak ki, amelyek k\u00e9pesek harmoniz\u00e1lni a testet \u00e9s a lelket. Ezek a hangok nem csup\u00e1n a f\u00fcl\u00f6n kereszt\u00fcl hatnak, hanem a test sejtjein kereszt\u00fcl is, finoman massz\u00edrozva \u00e9s oldva a felgy\u00fclemlett fesz\u00fclts\u00e9geket.<\/p>\n\n\n\n<p><strong>A hangf\u00fcrd\u0151k var\u00e1zsa: Mer\u00fclj el a rezg\u00e9sekben!<\/strong> <\/p>\n\n\n\n<p>Ezeknek a k\u00fcl\u00f6nleges, egyedi k\u00e9sz\u00edt\u00e9s\u0171 hangszereknek a seg\u00edts\u00e9g\u00e9vel \u00e9lheted \u00e1t a <strong>hangf\u00fcrd\u0151<\/strong> semmihez sem foghat\u00f3 \u00e9lm\u00e9ny\u00e9t. Egy k\u00e9nyelmes, biztons\u00e1gos k\u00f6rnyezetben fekve vagy \u00fclve elmer\u00fclhetsz a l\u00e1gyan pulz\u00e1l\u00f3, r\u00e9tegzett hangok \u00f3ce\u00e1nj\u00e1ban. A hangt\u00e1lak \u00e9s gongok rezg\u00e9sei gyeng\u00e9den ringatnak, mik\u00f6zben az agyhull\u00e1mok lelassulnak, \u00e9s egy m\u00e9ly medit\u00e1ci\u00f3s vagy relax\u00e1lt \u00e1llapotba ker\u00fclsz. Itt a k\u00fclvil\u00e1g zaja elhalkul, \u00e9s lehet\u0151s\u00e9ged ny\u00edlik arra, hogy teljesen kikapcsolj \u00e9s \u00fajra \u00f6nmagadra hangol\u00f3dj.<\/p>\n\n\n\n<p><strong>Milyen j\u00f3t\u00e9kony hat\u00e1sai vannak a hangf\u00fcrd\u0151knek?<\/strong> <\/p>\n\n\n\n<p>A hangf\u00fcrd\u0151k alkalm\u00e1val a hangok erej\u00e9vel tapasztalhatod meg a pihen\u00e9s \u00e9s a bels\u0151 harm\u00f3nia \u00e1llapot\u00e1t. A foglalkoz\u00e1s bizony\u00edtottan hozz\u00e1j\u00e1rul a j\u00f3 k\u00f6z\u00e9rzethez:<\/p>\n\n\n\n<ul class=\"wp-block-list\">\n<li><strong>Stresszcs\u00f6kkent\u00e9s:<\/strong>\u00a0A hangok harmonikus rezg\u00e9sei ellaz\u00edtj\u00e1k az idegrendszert, oldj\u00e1k az izmok fesz\u00fclts\u00e9g\u00e9t \u00e9s seg\u00edtenek elengedni a napi stresszt, szorong\u00e1st \u00e9s fesz\u00fclts\u00e9get.<\/li>\n\n\n\n<li><strong>Koncentr\u00e1ci\u00f3 jav\u00edt\u00e1sa:<\/strong>\u00a0A m\u00e9ly relax\u00e1ci\u00f3 sor\u00e1n az agyhull\u00e1mok megnyugszanak, ami seg\u00edti a ment\u00e1lis tisztas\u00e1got, a f\u00f3kusz \u00e9s a kreativit\u00e1s n\u00f6vel\u00e9s\u00e9t a mindennapokban.<\/li>\n\n\n\n<li><strong>Lelki j\u00f3l\u00e9t \u00e9s bels\u0151 harm\u00f3nia:<\/strong>\u00a0A hangok rezonanci\u00e1ja seg\u00edthet kiegyens\u00falyozni az energiarendszert, el\u0151seg\u00edtve a bels\u0151 b\u00e9ke \u00e9s harm\u00f3nia \u00e1llapot\u00e1t. Lehet\u0151s\u00e9get ad arra, hogy \u00fajra kapcsolatba l\u00e9pj a bels\u0151 \u00e9neddel, tiszt\u00e1bb r\u00e1l\u00e1t\u00e1st kapva \u00e9rz\u00e9seidre \u00e9s gondolataidra.<\/li>\n\n\n\n<li><strong>Energetikai blokkok old\u00e1sa:<\/strong>\u00a0A hangok finom vibr\u00e1ci\u00f3i seg\u00edthetnek oldani a testben \u00e9s l\u00e9lekben t\u00e1rolt energetikai blokkokat, ezzel el\u0151seg\u00edtve a szabad energia\u00e1raml\u00e1st \u00e9s a vitalit\u00e1st.<\/li>\n<\/ul>\n\n\n\n<p><strong>Van magadra 60 perced?<\/strong> Ha igen, akkor ne hagyd ki ezt az egyed\u00fcl\u00e1ll\u00f3 lehet\u0151s\u00e9get! Adj magadnak egy \u00f3r\u00e1t, hogy kikapcsol\u00f3dj, felt\u00f6lt\u0151dj, \u00e9s \u00fajra kapcsolatba l\u00e9pj \u00f6nmagaddal a hangok gy\u00f3gy\u00edt\u00f3 ereje \u00e1ltal. Az egyedi k\u00e9sz\u00edt\u00e9s\u0171 hangt\u00e1lak \u00e9s gongok var\u00e1zslatos vil\u00e1ga v\u00e1r, hogy elvezessen a bels\u0151 b\u00e9ke \u00e9s harm\u00f3nia \u00e1llapot\u00e1ba.<\/p>\n\n\n\n<p><strong>Gyere \u00e9s tapasztald meg a k\u00fcl\u00f6nbs\u00e9get!<\/strong><\/p>\n\n\n\n<h4 class=\"wp-block-heading has-text-align-center has-background\" style=\"background-color:#f5fafd\"><span style=\"color: #524840;\">Egy kis tudom\u00e1nyos megk\u00f6zel\u00edt\u00e9s<\/span><\/h4>\n\n\n\n<p><\/p>\n\n\n\n<p><span style=\"color: #524840;\">A solfeggio frekvenci\u00e1k a zenetudom\u00e1ny, az orvostudom\u00e1ny \u00e9s a spiritualit\u00e1s hat\u00e1rvonal\u00e1n \u00e1ll\u00f3 \u00e9rdekes t\u00e9m\u00e1t jelentenek. Ezek az \u0151si zenei hangok nem csup\u00e1n a zeneelm\u00e9let r\u00e9szei, hanem a testi \u00e9s lelki eg\u00e9szs\u00e9g jav\u00edt\u00e1s\u00e1ra is haszn\u00e1latosak. A solfeggio frekvenci\u00e1k gy\u00f6kerei a 11. sz\u00e1zadra ny\u00falnak vissza, amikor Arezz\u00f3i Guido, egy benc\u00e9s szerzetes jelent\u0151s hat\u00e1s\u00fa szolmiz\u00e1ci\u00f3s rendszert dolgozott ki, amely seg\u00edtette a zen\u00e9szeket a tiszta inton\u00e1ci\u00f3 \u00e9s a hangmagass\u00e1gok meghat\u00e1roz\u00e1s\u00e1ban. A rendszer alapelve az volt, hogy a zene \u00e9s a hangok k\u00e9pesek k\u00f6zvet\u00edteni az emberi l\u00e9lek m\u00e9lyebb r\u00e9tegeibe.<\/span><\/p>\n\n\n\n<h4 class=\"wp-block-heading has-text-align-center has-background\" style=\"background-color:#f5fafd\"><span style=\"color: #524840;\">T\u00f6rt\u00e9neti K\u00f6rnyezet<\/span><\/h4>\n\n\n\n<p><span style=\"color: #524840;\">A solfeggio sk\u00e1l\u00e1t a gregori\u00e1n k\u00e1nt\u00e1l\u00e1s alapj\u00e1v\u00e1 tett\u00e9k, de a katolikus egyh\u00e1z k\u00e9s\u0151bb elt\u00e1vol\u00edtotta az istentiszteletekb\u0151l, \u00edgy az egyszer\u0171 n\u00e9p sz\u00e1m\u00e1ra sok\u00e1ig el\u00e9rhetetlen maradt. A frekvenci\u00e1k, amelyeket ez a rendszer meghat\u00e1rozott, \u00f6sszekapcsol\u00f3dnak a fizikai \u00e9s szellemi gy\u00f3gyul\u00e1s koncepci\u00f3j\u00e1val is. Az \u0151si hitvil\u00e1gokban a zene nemcsak sz\u00f3rakoztat\u00f3 eszk\u00f6z volt, hanem spiritu\u00e1lis \u00e9s gy\u00f3gy\u00edt\u00f3 hat\u00e1s\u00fa elemeket is hordozott.<\/span><\/p>\n\n\n\n<p><span style=\"color: #524840;\">A tudom\u00e1nyos h\u00e1tt\u00e9r, amely a frekvenci\u00e1k lehets\u00e9ges hat\u00e1sait al\u00e1t\u00e1masztja, Galileo Galilei nev\u00e9hez kapcsol\u00f3dik, aki megfigyelte a rezg\u00e9seket \u00e9s a vibr\u00e1l\u00f3 testek \u00e1ltal el\u0151\u00e1ll\u00edtott mint\u00e1zatokat. K\u00e9s\u0151bb Ernst Chladni \u00e9s Hans Jenny munk\u00e1ss\u00e1ga tov\u00e1bbfejlesztette a hangz\u00e1ssal kapcsolatos alaptudom\u00e1nyokat, bemutatva, hogy a hangok k\u00fcl\u00f6nb\u00f6z\u0151 frekvenci\u00e1i hogyan befoly\u00e1solj\u00e1k a fizikai anyagot geometriai mint\u00e1zatok l\u00e9trehoz\u00e1s\u00e1val.<\/span><\/p>\n\n\n\n<h4 class=\"wp-block-heading has-text-align-center has-background\" style=\"background-color:#f5fafd\"><span style=\"color: #524840;\">A Solfeggio Frekvenci\u00e1k<\/span><\/h4>\n\n\n\n<p><span style=\"color: #524840;\">A solfeggio frekvenci\u00e1k hagyom\u00e1nyosan a k\u00f6vetkez\u0151 \u00e9rt\u00e9keket k\u00e9pviselik:<\/span><\/p>\n\n\n\n<ul class=\"wp-block-list\">\n<li><span style=\"color: #524840;\"><strong>174 Hz<\/strong> \u2013 A biztons\u00e1g frekvenci\u00e1ja, amely seg\u00edti a f\u00e1jdalom cs\u00f6kkent\u00e9s\u00e9t, \u00e9s \u00e1ltal\u00e1ban a testi regener\u00e1ci\u00f3 \u00e9rz\u00e9s\u00e9t hozza mag\u00e1val. (3)<\/span><\/li>\n\n\n\n<li><span style=\"color: #524840;\"><strong>285 Hz<\/strong> \u2013 Az energetiz\u00e1l\u00e1s frekvenci\u00e1ja, amely serkenti a test energetikai mez\u0151j\u00e9nek helyre\u00e1ll\u00edt\u00e1s\u00e1t. (6)<\/span><\/li>\n\n\n\n<li><span style=\"color: #524840;\"><strong>396 Hz<\/strong> \u2013 Az elenged\u00e9s frekvenci\u00e1ja, amely seg\u00edti a f\u00e9lelmek \u00e9s b\u0171ntudatok felsz\u00e1mol\u00e1s\u00e1t, ez\u00e1ltal megszabad\u00edtva az embert a lelki terhekt\u0151l. (9)<\/span><\/li>\n\n\n\n<li><span style=\"color: #524840;\"><strong>417 Hz<\/strong> \u2013 A mozd\u00edt\u00e1s frekvenci\u00e1ja, amely el\u0151seg\u00edti a v\u00e1ltoz\u00e1sok kezel\u00e9s\u00e9t \u00e9s az elakadt helyzetek megold\u00e1s\u00e1t. (3)<\/span><\/li>\n\n\n\n<li><span style=\"color: #524840;\"><strong>528 Hz<\/strong> \u2013 A szeretet frekvenci\u00e1ja, amely a DNS helyre\u00e1ll\u00edt\u00e1s\u00e1t \u00e9s a sejtek gy\u00f3gyul\u00e1s\u00e1t seg\u00edti el\u0151. Ez a frekvencia k\u00fcl\u00f6n\u00f6sen fontos, mivel azt \u00e1ll\u00edtj\u00e1k, hogy a term\u00e9szeti \u00e9s univerz\u00e1lis harm\u00f3nia megsz\u00f3laltat\u00f3ja. (6)<\/span><\/li>\n\n\n\n<li><span style=\"color: #524840;\"><strong>639 Hz<\/strong> \u2013 A kapcsol\u00f3d\u00e1s frekvenci\u00e1ja, amely jav\u00edtja az emberi kapcsolatokat \u00e9s a kommunik\u00e1ci\u00f3t. (9)<\/span><\/li>\n\n\n\n<li><span style=\"color: #524840;\"><strong>741 Hz<\/strong> \u2013 Az intu\u00edci\u00f3 frekvenci\u00e1ja, amely seg\u00edt a tudat kit\u00e1g\u00edt\u00e1s\u00e1ban \u00e9s az intu\u00edci\u00f3 fejleszt\u00e9s\u00e9ben. (3)<\/span><\/li>\n\n\n\n<li><span style=\"color: #524840;\"><strong>852 Hz<\/strong> \u2013 A felt\u00e9tel n\u00e9lk\u00fcli szeretet frekvenci\u00e1ja, amely \u00f6sszekapcsol a spiritualit\u00e1s magasabb dimenzi\u00f3ival. (6)<\/span><\/li>\n\n\n\n<li><span style=\"color: #524840;\"><strong>963 Hz<\/strong> \u2013 Az \u00e1talakul\u00e1s frekvenci\u00e1ja, amely aktiv\u00e1lja a tobozmirigyet, a szellemi \u00e9rz\u00e9kel\u00e9s k\u00f6zpontj\u00e1t. (9)<\/span><\/li>\n<\/ul>\n\n\n\n<h4 class=\"wp-block-heading has-text-align-center has-background\" style=\"background-color:#f5fafd\"><span style=\"color: #524840;\">A Reszonancia \u00e9s hat\u00e1sok<\/span><\/h4>\n\n\n\n<p><span style=\"color: #524840;\">A zene \u00e9s az emberek k\u00f6z\u00f6tti kapcsolatot a k\u00e9mia \u00e9s a biol\u00f3gia ter\u00fclet\u00e9n is kutatj\u00e1k. Dr. Joseph Puleo, aki \u00fajb\u00f3l felfedezte a solfeggio frekvenci\u00e1kat, azt tal\u00e1lta, hogy e frekvenci\u00e1k k\u00e9pesek m\u00e9lyen behatolni a tudatos \u00e9s tudatalatti elm\u00e9be, aktiv\u00e1lva a bels\u0151 gy\u00f3gy\u00edt\u00f3 folyamatokat. Dr. Glen Rein biok\u00e9mikus kutat\u00e1sai sor\u00e1n meg\u00e1llap\u00edtotta, hogy k\u00fcl\u00f6nb\u00f6z\u0151 frekvenci\u00e1k, p\u00e9ld\u00e1ul a gregori\u00e1n \u00e9s szanszkrit \u00e9nekek, voltak a legpozit\u00edvabb hat\u00e1ssal az emberi DNS-re. Ezek az eredm\u00e9nyek al\u00e1t\u00e1masztj\u00e1k azt a n\u00e9zetet, hogy a zene nem csup\u00e1n kultur\u00e1lis kifejez\u00e9sforma, hanem m\u00e9lyrehat\u00f3 biol\u00f3giai \u00e9s pszichol\u00f3giai hat\u00e1sokat is hordoz.<\/span><\/p>\n\n\n\n<h4 class=\"wp-block-heading has-text-align-center has-background\" style=\"background-color:#f5fafd\"><span style=\"color: #524840;\">A Frekvenci\u00e1k Tudom\u00e1nyos Alapja<\/span><\/h4>\n\n\n\n<p><span style=\"color: #524840;\">A hangrezg\u00e9sek tudom\u00e1nyos vizsg\u00e1lata k\u00fcl\u00f6nb\u00f6z\u0151 tudom\u00e1ny\u00e1gakat \u00f6tv\u00f6z, bele\u00e9rtve a fizik\u00e1t, akusztik\u00e1t \u00e9s biol\u00f3gi\u00e1t. Chladni \u00e9s Jenny munk\u00e1ss\u00e1ga r\u00e9v\u00e9n kider\u00fclt, hogy a hangok nemcsak fizikai tulajdons\u00e1gokkal rendelkeznek, hanem k\u00e9pesek hat\u00e1ssal lenni a k\u00f6r\u00fcl\u00f6tt\u00fck l\u00e9v\u0151 anyagokra is. Ezek a rezg\u00e9sek k\u00fcl\u00f6nf\u00e9le geometriai mint\u00e1zatokat hoznak l\u00e9tre, amelyekhez a test reakci\u00f3ja szint\u00e9n visszavezethet\u0151.<\/span><\/p>\n\n\n\n<p><span style=\"color: #524840;\">A rezg\u00e9sek \u00e9s frekvenci\u00e1k hat\u00e1sa az emberi testre m\u00e1ra m\u00e1r sz\u00e9lesk\u00f6r\u0171 kutat\u00e1s t\u00e1rgy\u00e1v\u00e1 v\u00e1lt. A tud\u00f3sok azzal \u00e9rvelnek, hogy a pozitivista tudom\u00e1nyos felfog\u00e1s mellett elengedhetetlen, hogy figyelembe vegy\u00fck a hangok \u00e9s rezg\u00e9sek spiritu\u00e1lis \u00e9s energetikai jelent\u0151s\u00e9g\u00e9t is. Az, hogy a solfeggio frekvenci\u00e1k m\u00e1s-m\u00e1s hat\u00e1st gyakorolnak a csakr\u00e1kra \u00e9s az emberi tudatra, egy\u00e9rtelm\u0171en hangs\u00falyozza a zene holisztikus ter\u00e1pi\u00e1s potenci\u00e1lj\u00e1t.<\/span><\/p>\n\n\n\n<h4 class=\"wp-block-heading has-text-align-center has-background\" style=\"background-color:#f5fafd\"><span style=\"color: #524840;\">Alap vibr\u00e1ci\u00f3k<\/span><\/h4>\n\n\n\n<p><span style=\"color: #524840;\">A 3, 6 \u00e9s 9 sz\u00e1mok ciklikusan megjelennek, \u00e9s Nikola Tesla szerint ezek rendk\u00edv\u00fcli jelent\u0151s\u00e9ggel b\u00edrnak, mivel a univerz\u00e1lis t\u00f6rv\u00e9nyek egyik alapvet\u0151 aspektus\u00e1t k\u00e9pviselik. Ezen frekvenci\u00e1k hallgat\u00e1sa sor\u00e1n a szem\u00e9ly energetikai \u00e1llapota harmoniz\u00e1l\u00f3dik, hozz\u00e1j\u00e1rulva a bels\u0151 egyens\u00faly el\u00e9r\u00e9s\u00e9hez. Fizikai test\u00fcnk s\u0171r\u0171s\u00e9g\u00e9nek \u00e9s rezg\u00e9s\u00e9nek term\u00e9szete r\u00e9v\u00e9n alacsonyabb frekvenci\u00e1kon m\u0171k\u00f6dik. Amikor ezek a specifikus zenei frekvenci\u00e1k sz\u00f3lalnak meg, k\u00e9pesek a s\u0171r\u00edtett energi\u00e1k \u00e9s anyagok felold\u00e1s\u00e1ra, valamint a rezg\u00e9sszint emel\u00e9s\u00e9re, el\u0151seg\u00edtve ez\u00e1ltal a harmonikusabb energetikai \u00e1llapot megteremt\u00e9s\u00e9t.<\/span><\/p>\n\n\n\n<p><span style=\"color: #524840;\">Ha \u00f6sszeadjuk az \u00f6sszes Solfeggio frekvenci\u00e1t, a 9-es sz\u00e1mot kapjuk.<\/span><\/p>\n\n\n\n<p><span style=\"color: #524840;\">174 + 285 + 396 + 417 + 528 + 639 + 741 + 852 + 963 = 4995 = 4 + 9 + 9 + 5 = 27 = 2 + 7 = 9<\/span><\/p>\n\n\n\n<p><span style=\"color: #524840;\">Ez \u0151si tud\u00e1s sz\u00e1ma.<\/span><\/p>\n\n\n\n<p><span style=\"color: #524840;\">\/ Forr\u00e1s: F\u00f6ldv\u00e1ry E. \/<\/span><\/p>\n\n\n\n<p>&nbsp;<\/p>\n\n\n\n<h4 class=\"wp-block-heading has-text-align-center has-background\" style=\"background-color:#f5fafd\">\u00c9s ha csak a szemednek hiszel&#8230; \ud83d\ude42<\/h4>\n\n\n\n<figure class=\"wp-block-embed is-type-video is-provider-youtube wp-block-embed-youtube wp-embed-aspect-16-9 wp-has-aspect-ratio\"><div class=\"wp-block-embed__wrapper\">\n<iframe loading=\"lazy\" title=\"Table vibration sand art\" width=\"840\" height=\"473\" src=\"https:\/\/www.youtube.com\/embed\/wHr3Ys-sNHs?feature=oembed\" frameborder=\"0\" allow=\"accelerometer; autoplay; clipboard-write; encrypted-media; gyroscope; picture-in-picture; web-share\" referrerpolicy=\"strict-origin-when-cross-origin\" allowfullscreen><\/iframe>\n<\/div><\/figure>\n\n\n\n<figure class=\"wp-block-embed is-type-video is-provider-youtube wp-block-embed-youtube wp-embed-aspect-16-9 wp-has-aspect-ratio\"><div class=\"wp-block-embed__wrapper\">\n<iframe loading=\"lazy\" title=\"Amazing Resonance Experiment!\" width=\"840\" height=\"473\" src=\"https:\/\/www.youtube.com\/embed\/wvJAgrUBF4w?feature=oembed\" frameborder=\"0\" allow=\"accelerometer; autoplay; clipboard-write; encrypted-media; gyroscope; picture-in-picture; web-share\" referrerpolicy=\"strict-origin-when-cross-origin\" allowfullscreen><\/iframe>\n<\/div><\/figure>\n\n\n\n<figure class=\"wp-block-embed is-type-video is-provider-youtube wp-block-embed-youtube wp-embed-aspect-16-9 wp-has-aspect-ratio\"><div class=\"wp-block-embed__wrapper\">\n<iframe loading=\"lazy\" title=\"432 Hz and 528 Hz EXPLAINED: The Most Powerful Frequencies in The Universe\" width=\"840\" height=\"473\" src=\"https:\/\/www.youtube.com\/embed\/BmwVR_jN470?feature=oembed\" frameborder=\"0\" allow=\"accelerometer; autoplay; clipboard-write; encrypted-media; gyroscope; picture-in-picture; web-share\" referrerpolicy=\"strict-origin-when-cross-origin\" allowfullscreen><\/iframe>\n<\/div><\/figure>\n","protected":false},"excerpt":{"rendered":"<p>Fedezd fel az egyedi k\u00e9sz\u00edt\u00e9s\u0171 hangt\u00e1lak \u00e9s gongok var\u00e1zslatos vil\u00e1g\u00e1t &hellip; <\/p>\n","protected":false},"author":3,"featured_media":0,"parent":0,"menu_order":0,"comment_status":"closed","ping_status":"closed","template":"","meta":{"_uag_custom_page_level_css":"","_kadence_starter_templates_imported_post":false,"footnotes":""},"class_list":["post-180","page","type-page","status-publish","hentry","latest_post"],"uagb_featured_image_src":{"full":false,"thumbnail":false,"medium":false,"medium_large":false,"large":false,"1536x1536":false,"2048x2048":false,"chic-lite-schema":false,"chic-lite-slider":false,"chic-lite-slider-one":false,"chic-lite-featured-four":false,"chic-lite-blog":false,"chic-lite-latest":false,"chic-lite-blog-one":false,"chic-lite-sidebar":false},"uagb_author_info":{"display_name":"Kriszta Kolonics","author_link":"https:\/\/kolonicskriszta.hu\/index.php\/author\/mazsi\/"},"uagb_comment_info":0,"uagb_excerpt":"Fedezd fel az egyedi k\u00e9sz\u00edt\u00e9s\u0171 hangt\u00e1lak \u00e9s gongok var\u00e1zslatos vil\u00e1g\u00e1t &hellip;","_links":{"self":[{"href":"https:\/\/kolonicskriszta.hu\/index.php\/wp-json\/wp\/v2\/pages\/180","targetHints":{"allow":["GET"]}}],"collection":[{"href":"https:\/\/kolonicskriszta.hu\/index.php\/wp-json\/wp\/v2\/pages"}],"about":[{"href":"https:\/\/kolonicskriszta.hu\/index.php\/wp-json\/wp\/v2\/types\/page"}],"author":[{"embeddable":true,"href":"https:\/\/kolonicskriszta.hu\/index.php\/wp-json\/wp\/v2\/users\/3"}],"replies":[{"embeddable":true,"href":"https:\/\/kolonicskriszta.hu\/index.php\/wp-json\/wp\/v2\/comments?post=180"}],"version-history":[{"count":13,"href":"https:\/\/kolonicskriszta.hu\/index.php\/wp-json\/wp\/v2\/pages\/180\/revisions"}],"predecessor-version":[{"id":545,"href":"https:\/\/kolonicskriszta.hu\/index.php\/wp-json\/wp\/v2\/pages\/180\/revisions\/545"}],"wp:attachment":[{"href":"https:\/\/kolonicskriszta.hu\/index.php\/wp-json\/wp\/v2\/media?parent=180"}],"curies":[{"name":"wp","href":"https:\/\/api.w.org\/{rel}","templated":true}]}}