{"id":412,"date":"2025-09-26T16:53:47","date_gmt":"2025-09-26T14:53:47","guid":{"rendered":"https:\/\/kolonicskriszta.hu\/?page_id=412"},"modified":"2026-02-10T22:19:15","modified_gmt":"2026-02-10T21:19:15","slug":"rendszer-es-csalad-szemleletu-modszerek","status":"publish","type":"page","link":"https:\/\/kolonicskriszta.hu\/index.php\/rendszer-es-csalad-szemleletu-modszerek\/","title":{"rendered":"Rendszer \u00e9s csal\u00e1d szeml\u00e9let\u0171 m\u00f3dszerek"},"content":{"rendered":"\n<div class=\"wp-block-columns is-layout-flex wp-container-core-columns-is-layout-9d6595d7 wp-block-columns-is-layout-flex\">\n<div class=\"wp-block-column is-layout-flow wp-block-column-is-layout-flow\">\n<div class=\"wp-block-uagb-image uagb-block-e8d1330a wp-block-uagb-image--layout-default wp-block-uagb-image--effect-static wp-block-uagb-image--align-none\"><figure class=\"wp-block-uagb-image__figure\"><img decoding=\"async\" srcset=\"https:\/\/kolonicskriszta.hu\/wp-content\/uploads\/2025\/09\/Nevtelen-terv-15-e1758896399413-1024x717.png ,https:\/\/kolonicskriszta.hu\/wp-content\/uploads\/2025\/09\/Nevtelen-terv-15-e1758896399413.png 780w, https:\/\/kolonicskriszta.hu\/wp-content\/uploads\/2025\/09\/Nevtelen-terv-15-e1758896399413.png 360w\" sizes=\"auto, (max-width: 480px) 150px\" src=\"https:\/\/kolonicskriszta.hu\/wp-content\/uploads\/2025\/09\/Nevtelen-terv-15-e1758896399413-1024x717.png\" alt=\"\" class=\"uag-image-425\" width=\"840\" height=\"588\" title=\"\" loading=\"lazy\" role=\"presentation\"\/><\/figure><\/div>\n\n\n\n<div class=\"wp-block-uagb-advanced-heading uagb-block-58e8adff\"><h2 class=\"uagb-heading-text\">Systembrett<\/h2><\/div>\n\n\n\n<p><\/p>\n\n\n\n<p><strong>L\u00e1ss tiszt\u00e1n a kapcsol\u00f3d\u00e1saidban!<\/strong><\/p>\n\n\n\n<p>A <strong>rendszert\u00e1bla (Systembrett)<\/strong> egy egyed\u00fcl\u00e1ll\u00f3, <strong>vizu\u00e1lis \u00e9s interakt\u00edv m\u00f3dszer<\/strong>, amellyel k\u00f6nnyed\u00e9n felt\u00e9rk\u00e9pezheted az \u00e9letedben l\u00e9v\u0151 kapcsolatokat, dinamik\u00e1kat \u00e9s er\u0151viszonyokat. Csal\u00e1di, munkahelyi vagy bels\u0151 konfliktusok?<\/p>\n\n\n\n<p>Ennek az eszk\u00f6znek a seg\u00edts\u00e9g\u00e9vel te magad helyezheted el a figur\u00e1kat a t\u00e1bl\u00e1n, \u00edgy <strong>akt\u00edvan r\u00e9szt veszel a folyamatban<\/strong>, \u00e9s m\u00e9lyebb r\u00e1l\u00e1t\u00e1st kapsz a rendszer szerkezet\u00e9re. T\u00e1mogatja az <strong>\u00f6nismereti folyamatot<\/strong>, \u00e9s seg\u00edt tiszt\u00e1bban l\u00e1tni a megold\u00e1sokat!<\/p>\n\n\n\n<div class=\"wp-block-uagb-buttons uagb-buttons__outer-wrap uagb-btn__default-btn uagb-btn-tablet__default-btn uagb-btn-mobile__default-btn uagb-block-02f2cdfa\"><div class=\"uagb-buttons__wrap uagb-buttons-layout-wrap \">\n<div class=\"wp-block-uagb-buttons-child uagb-buttons__outer-wrap uagb-block-9829bf48 wp-block-button\"><div class=\"uagb-button__wrapper\"><a class=\"uagb-buttons-repeater wp-block-button__link\" aria-label=\"\" href=\"https:\/\/kolonicskriszta.hu\/index.php\/rendszertabla-systembrett\/\" rel=\"follow noopener\" target=\"_self\" role=\"button\"><div class=\"uagb-button__link\">Tov\u00e1bb olvasok<\/div><\/a><\/div><\/div>\n<\/div><\/div>\n<\/div>\n\n\n\n<div class=\"wp-block-column is-layout-flow wp-block-column-is-layout-flow\">\n<div class=\"wp-block-uagb-image uagb-block-8811cf88 wp-block-uagb-image--layout-default wp-block-uagb-image--effect-static wp-block-uagb-image--align-none\"><figure class=\"wp-block-uagb-image__figure\"><img decoding=\"async\" srcset=\"https:\/\/kolonicskriszta.hu\/wp-content\/uploads\/2025\/09\/Nevtelen-terv-16-e1758896440593-1024x721.png ,https:\/\/kolonicskriszta.hu\/wp-content\/uploads\/2025\/09\/Nevtelen-terv-16-e1758896440593.png 780w, https:\/\/kolonicskriszta.hu\/wp-content\/uploads\/2025\/09\/Nevtelen-terv-16-e1758896440593.png 360w\" sizes=\"auto, (max-width: 480px) 150px\" src=\"https:\/\/kolonicskriszta.hu\/wp-content\/uploads\/2025\/09\/Nevtelen-terv-16-e1758896440593-1024x721.png\" alt=\"\" class=\"uag-image-426\" width=\"840\" height=\"591\" title=\"N\u00e9vtelen terv-16\" loading=\"lazy\" role=\"img\"\/><\/figure><\/div>\n\n\n\n<div class=\"wp-block-uagb-advanced-heading uagb-block-c1bd99a0\"><h2 class=\"uagb-heading-text\">Csal\u00e1d\u00e1ll\u00edt\u00e1s<\/h2><\/div>\n\n\n\n<p><\/p>\n\n\n\n<p><strong>Rendetlens\u00e9g a csal\u00e1di rendszerben?<\/strong><\/p>\n\n\n\n<p>A <strong>csal\u00e1d\u00e1ll\u00edt\u00e1s<\/strong> egy m\u00e9lyrehat\u00f3 m\u00f3dszer, mely <strong>Bert Hellinger<\/strong> nev\u00e9hez f\u0171z\u0151dik. Seg\u00edt felt\u00e1rni \u00e9s meg\u00e9rteni a csal\u00e1di kapcsolatokban rejl\u0151 <strong>rejtett dinamik\u00e1kat<\/strong> \u00e9s a gener\u00e1ci\u00f3r\u00f3l gener\u00e1ci\u00f3ra \u00f6r\u00f6kl\u0151d\u0151 mint\u00e1kat.<\/p>\n\n\n\n<p>\u201eK\u00e9pvisel\u0151k\u201d seg\u00edts\u00e9g\u00e9vel l\u00e1that\u00f3v\u00e1 tessz\u00fck az elfojtott \u00e9rzelmeket \u00e9s kapcsolati mint\u00e1kat. <\/p>\n\n\n\n<p>A c\u00e9l a \u201erend\u201d vissza\u00e1ll\u00edt\u00e1sa a csal\u00e1di rendszerben, ami gy\u00f3gyul\u00e1st \u00e9s harmonikusabb kapcsolatokat hozhat az \u00e9letedbe. <\/p>\n\n\n\n<p>Fedezd fel a csal\u00e1d\u00e1ll\u00edt\u00e1s erej\u00e9t a bels\u0151 b\u00e9k\u00e9d\u00e9rt!<\/p>\n\n\n\n<div class=\"wp-block-uagb-buttons uagb-buttons__outer-wrap uagb-btn__default-btn uagb-btn-tablet__default-btn uagb-btn-mobile__default-btn uagb-block-f7af498a\"><div class=\"uagb-buttons__wrap uagb-buttons-layout-wrap \">\n<div class=\"wp-block-uagb-buttons-child uagb-buttons__outer-wrap uagb-block-5e50f9dd wp-block-button\"><div class=\"uagb-button__wrapper\"><a class=\"uagb-buttons-repeater wp-block-button__link\" aria-label=\"\" href=\"https:\/\/kolonicskriszta.hu\/index.php\/csaladallitas\/\" rel=\"follow noopener\" target=\"_self\" role=\"button\"><div class=\"uagb-button__link\">Tov\u00e1bb olvasok<\/div><\/a><\/div><\/div>\n<\/div><\/div>\n\n\n\n<div class=\"wp-block-uagb-advanced-heading uagb-block-908d5fcc\"><\/div>\n<\/div>\n<\/div>\n\n\n\n<p><\/p>\n","protected":false},"excerpt":{"rendered":"<p>Systembrett L\u00e1ss tiszt\u00e1n a kapcsol\u00f3d\u00e1saidban! A rendszert\u00e1bla (Systembrett) egy egyed\u00fcl\u00e1ll\u00f3, &hellip; <\/p>\n","protected":false},"author":3,"featured_media":0,"parent":0,"menu_order":0,"comment_status":"closed","ping_status":"closed","template":"","meta":{"_uag_custom_page_level_css":"","_kadence_starter_templates_imported_post":false,"footnotes":""},"class_list":["post-412","page","type-page","status-publish","hentry","latest_post"],"uagb_featured_image_src":{"full":false,"thumbnail":false,"medium":false,"medium_large":false,"large":false,"1536x1536":false,"2048x2048":false,"chic-lite-schema":false,"chic-lite-slider":false,"chic-lite-slider-one":false,"chic-lite-featured-four":false,"chic-lite-blog":false,"chic-lite-latest":false,"chic-lite-blog-one":false,"chic-lite-sidebar":false},"uagb_author_info":{"display_name":"Kriszta Kolonics","author_link":"https:\/\/kolonicskriszta.hu\/index.php\/author\/mazsi\/"},"uagb_comment_info":0,"uagb_excerpt":"Systembrett L\u00e1ss tiszt\u00e1n a kapcsol\u00f3d\u00e1saidban! A rendszert\u00e1bla (Systembrett) egy egyed\u00fcl\u00e1ll\u00f3, &hellip;","_links":{"self":[{"href":"https:\/\/kolonicskriszta.hu\/index.php\/wp-json\/wp\/v2\/pages\/412","targetHints":{"allow":["GET"]}}],"collection":[{"href":"https:\/\/kolonicskriszta.hu\/index.php\/wp-json\/wp\/v2\/pages"}],"about":[{"href":"https:\/\/kolonicskriszta.hu\/index.php\/wp-json\/wp\/v2\/types\/page"}],"author":[{"embeddable":true,"href":"https:\/\/kolonicskriszta.hu\/index.php\/wp-json\/wp\/v2\/users\/3"}],"replies":[{"embeddable":true,"href":"https:\/\/kolonicskriszta.hu\/index.php\/wp-json\/wp\/v2\/comments?post=412"}],"version-history":[{"count":15,"href":"https:\/\/kolonicskriszta.hu\/index.php\/wp-json\/wp\/v2\/pages\/412\/revisions"}],"predecessor-version":[{"id":570,"href":"https:\/\/kolonicskriszta.hu\/index.php\/wp-json\/wp\/v2\/pages\/412\/revisions\/570"}],"wp:attachment":[{"href":"https:\/\/kolonicskriszta.hu\/index.php\/wp-json\/wp\/v2\/media?parent=412"}],"curies":[{"name":"wp","href":"https:\/\/api.w.org\/{rel}","templated":true}]}}