{"id":561,"date":"2026-02-10T22:07:25","date_gmt":"2026-02-10T21:07:25","guid":{"rendered":"https:\/\/kolonicskriszta.hu\/?page_id=561"},"modified":"2026-02-10T22:07:25","modified_gmt":"2026-02-10T21:07:25","slug":"rendszertabla-systembrett","status":"publish","type":"page","link":"https:\/\/kolonicskriszta.hu\/index.php\/rendszertabla-systembrett\/","title":{"rendered":"Rendszert\u00e1bla (Systembrett)"},"content":{"rendered":"\n<h4 class=\"wp-block-heading\"><strong>A kapcsolataid t\u00e9rk\u00e9pe a bels\u0151 r\u00e1l\u00e1t\u00e1s\u00e9rt<\/strong><\/h4>\n\n\n\n<p>Gyakran \u00e9rezz\u00fck magunkat elveszve a bonyolult emberi kapcsolatokban, vagy egy-egy \u00e9lethelyzetben, ahol mintha l\u00e1thatatlan sz\u00e1lak k\u00f6tn\u00e9nek minket. A <strong>rendszert\u00e1bla (Systembrett)<\/strong> egy kiv\u00e1l\u00f3 eszk\u00f6z arra, hogy ezeket a l\u00e1thatatlan dinamik\u00e1kat l\u00e1that\u00f3v\u00e1, \u00e9rthet\u0151v\u00e9 \u00e9s ez\u00e1ltal kezelhet\u0151v\u00e9 tegy\u00fck.<\/p>\n\n\n\n<p><strong>Mi is az a Rendszert\u00e1bla (Systembrett)?<\/strong> <\/p>\n\n\n\n<p>A rendszert\u00e1bla egy <strong>vizu\u00e1lis \u00e9s interakt\u00edv rendszer\u00e1ll\u00edt\u00e1si m\u00f3dszer<\/strong>. K\u00e9pzelj el egy egyszer\u0171 t\u00e1bl\u00e1t \u00e9s k\u00fcl\u00f6nb\u00f6z\u0151 m\u00e9ret\u0171, form\u00e1j\u00fa, sz\u00edn\u0171 figur\u00e1kat. Ezek a figur\u00e1k jelk\u00e9pezhetnek embereket (csal\u00e1dtagokat, koll\u00e9g\u00e1kat, bar\u00e1tokat), de ak\u00e1r bels\u0151 r\u00e9szeinket, \u00e9rz\u00e9seinket, egy c\u00e9lt vagy egy probl\u00e9m\u00e1t is. A l\u00e9nyege, hogy ezeknek a figur\u00e1knak az elhelyez\u00e9s\u00e9vel \u00e9s mozgat\u00e1s\u00e1val megjelen\u00edtj\u00fck egy adott rendszer (pl. csal\u00e1d, munkahely, bels\u0151 lelki \u00e1llapot) strukt\u00far\u00e1j\u00e1t \u00e9s m\u0171k\u00f6d\u00e9s\u00e9t.<\/p>\n\n\n\n<p><strong>Hogyan m\u0171k\u00f6dik? Az akt\u00edv r\u00e9szv\u00e9tel ereje<\/strong>.<\/p>\n\n\n\n<p>Ennek a m\u00f3dszernek az egyik legnagyobb er\u0151ss\u00e9ge, hogy <strong>a r\u00e9sztvev\u0151, azaz Te magad veszel akt\u00edvan r\u00e9szt a folyamatban<\/strong>. Nem egy k\u00edv\u00fcl\u00e1ll\u00f3 elemzi a helyzetet, hanem te magad &#8222;\u00e1ll\u00edtod fel&#8221; a rendszert. A vezet\u0151 seg\u00edts\u00e9g\u00e9vel, de te magad helyezheted el a figur\u00e1kat a t\u00e1bl\u00e1n, ami rendk\u00edv\u00fcl er\u0151teljes \u00e9lm\u00e9ny. Ez\u00e1ltal:<\/p>\n\n\n\n<ul class=\"wp-block-list\">\n<li><strong>K\u00f6zvetlen\u00fcl befoly\u00e1solod az \u00e1br\u00e1zol\u00e1st:<\/strong>\u00a0Ahogyan elhelyezel egy figur\u00e1t, vagy megv\u00e1ltoztatod a t\u00e1vols\u00e1g\u00e1t egy m\u00e1sikt\u00f3l, az azonnal t\u00fckr\u00f6zi a bels\u0151 \u00e9rz\u00e9seidet, gondolataidat az adott kapcsolattal vagy helyzettel kapcsolatban.<\/li>\n\n\n\n<li><strong>M\u00e9lyebb r\u00e1l\u00e1t\u00e1st kapsz:<\/strong>\u00a0A vizu\u00e1lis megjelen\u00edt\u00e9s seg\u00edts\u00e9g\u00e9vel hirtelen &#8222;k\u00edv\u00fclr\u0151l&#8221; l\u00e1thatod az eddig bels\u0151leg meg\u00e9lt dinamik\u00e1kat. Megjelennek a szerepl\u0151k k\u00f6z\u00f6tti t\u00e1vols\u00e1gok, k\u00f6zels\u00e9gek, fesz\u00fclts\u00e9gek vagy \u00e9pp a t\u00e1mogat\u00f3 kapcsolatok.<\/li>\n\n\n\n<li><strong>K\u00f6nnyebben \u00e9rthet\u0151v\u00e9 v\u00e1lik a rendszer szerkezete:<\/strong>\u00a0A komplex \u00f6sszef\u00fcgg\u00e9sek leegyszer\u0171s\u00f6dnek, a figyelem azokra a pontokra terel\u0151dik, amelyek val\u00f3j\u00e1ban a probl\u00e9m\u00e1t okozz\u00e1k, vagy a megold\u00e1st rejtik.<\/li>\n<\/ul>\n\n\n\n<p><strong>Miben seg\u00edt a Rendszert\u00e1bla?<\/strong> <\/p>\n\n\n\n<ul class=\"wp-block-list\">\n<li><strong>Meghat\u00e1rozhat\u00f3k \u00e9s megjelen\u00edthet\u0151k a szerepl\u0151k k\u00f6z\u00f6tti kapcsolatok \u00e9s viszonyok:<\/strong>L\u00e1tv\u00e1nyoss\u00e1 v\u00e1lik, ki kivel \u00e1ll szorosabb, vagy \u00e9pp t\u00e1volabbi viszonyban, ki &#8222;n\u00e9z&#8221; kire, vagy kit\u0151l &#8222;fordul el&#8221;.<\/li>\n\n\n\n<li><strong>A szerepek \u00e9s er\u0151viszonyok vil\u00e1gosan kirajzol\u00f3dnak:<\/strong>\u00a0Kider\u00fclhet, ki visel t\u00falzott terhet, ki van h\u00e1tt\u00e9rbe szor\u00edtva, vagy hol van rejtett fesz\u00fclts\u00e9g.<\/li>\n\n\n\n<li><strong>K\u00f6nnyebben analiz\u00e1lhat\u00f3 a rendszer szerkezete:<\/strong>\u00a0Az objekt\u00edv k\u00fcls\u0151 k\u00e9p seg\u00edt felismerni a ber\u00f6gz\u00fclt mint\u00e1kat \u00e9s a dinamik\u00e1k ered\u0151it.<\/li>\n\n\n\n<li><strong>T\u00e1mogatja az \u00f6nismereti folyamatot:<\/strong>\u00a0A figur\u00e1k mozgat\u00e1s\u00e1val nem csak a k\u00fcls\u0151 rendszerekben, hanem a saj\u00e1t bels\u0151 vil\u00e1godban is v\u00e1ltoz\u00e1sokat id\u00e9zhetsz el\u0151, \u00faj perspekt\u00edv\u00e1kat fedezhetsz fel.<\/li>\n<\/ul>\n\n\n\n<p>A rendszert\u00e1bla nem egy &#8222;m\u00e1gikus&#8221; megold\u00e1s, hanem egy rendk\u00edv\u00fcl hat\u00e9kony eszk\u00f6z a tiszta l\u00e1t\u00e1shoz \u00e9s a tudatos v\u00e1ltoz\u00e1shoz. Ha k\u00e9szen \u00e1llsz arra, hogy jobban meg\u00e9rtsd a k\u00f6r\u00fcl\u00f6tted l\u00e9v\u0151 \u00e9s a benned zajl\u00f3 dinamik\u00e1kat, \u00e9s akt\u00edvan r\u00e9szt vegy\u00e9l a saj\u00e1t megold\u00e1said megtal\u00e1l\u00e1s\u00e1ban, akkor a rendszert\u00e1bla seg\u00edthet ebben a folyamatban.<\/p>\n","protected":false},"excerpt":{"rendered":"<p>A kapcsolataid t\u00e9rk\u00e9pe a bels\u0151 r\u00e1l\u00e1t\u00e1s\u00e9rt Gyakran \u00e9rezz\u00fck magunkat elveszve &hellip; <\/p>\n","protected":false},"author":3,"featured_media":0,"parent":0,"menu_order":0,"comment_status":"closed","ping_status":"closed","template":"","meta":{"_uag_custom_page_level_css":"","_kadence_starter_templates_imported_post":false,"footnotes":""},"class_list":["post-561","page","type-page","status-publish","hentry","latest_post"],"uagb_featured_image_src":{"full":false,"thumbnail":false,"medium":false,"medium_large":false,"large":false,"1536x1536":false,"2048x2048":false,"chic-lite-schema":false,"chic-lite-slider":false,"chic-lite-slider-one":false,"chic-lite-featured-four":false,"chic-lite-blog":false,"chic-lite-latest":false,"chic-lite-blog-one":false,"chic-lite-sidebar":false},"uagb_author_info":{"display_name":"Kriszta Kolonics","author_link":"https:\/\/kolonicskriszta.hu\/index.php\/author\/mazsi\/"},"uagb_comment_info":0,"uagb_excerpt":"A kapcsolataid t\u00e9rk\u00e9pe a bels\u0151 r\u00e1l\u00e1t\u00e1s\u00e9rt Gyakran \u00e9rezz\u00fck magunkat elveszve &hellip;","_links":{"self":[{"href":"https:\/\/kolonicskriszta.hu\/index.php\/wp-json\/wp\/v2\/pages\/561","targetHints":{"allow":["GET"]}}],"collection":[{"href":"https:\/\/kolonicskriszta.hu\/index.php\/wp-json\/wp\/v2\/pages"}],"about":[{"href":"https:\/\/kolonicskriszta.hu\/index.php\/wp-json\/wp\/v2\/types\/page"}],"author":[{"embeddable":true,"href":"https:\/\/kolonicskriszta.hu\/index.php\/wp-json\/wp\/v2\/users\/3"}],"replies":[{"embeddable":true,"href":"https:\/\/kolonicskriszta.hu\/index.php\/wp-json\/wp\/v2\/comments?post=561"}],"version-history":[{"count":1,"href":"https:\/\/kolonicskriszta.hu\/index.php\/wp-json\/wp\/v2\/pages\/561\/revisions"}],"predecessor-version":[{"id":562,"href":"https:\/\/kolonicskriszta.hu\/index.php\/wp-json\/wp\/v2\/pages\/561\/revisions\/562"}],"wp:attachment":[{"href":"https:\/\/kolonicskriszta.hu\/index.php\/wp-json\/wp\/v2\/media?parent=561"}],"curies":[{"name":"wp","href":"https:\/\/api.w.org\/{rel}","templated":true}]}}