{"id":566,"date":"2026-02-10T22:10:43","date_gmt":"2026-02-10T21:10:43","guid":{"rendered":"https:\/\/kolonicskriszta.hu\/?page_id=566"},"modified":"2026-02-10T22:18:38","modified_gmt":"2026-02-10T21:18:38","slug":"csaladallitas","status":"publish","type":"page","link":"https:\/\/kolonicskriszta.hu\/index.php\/csaladallitas\/","title":{"rendered":"Csal\u00e1d\u00e1ll\u00edt\u00e1s"},"content":{"rendered":"\n<h4 class=\"wp-block-heading\"><strong>A l\u00e1thatatlan k\u00f6telek \u00e9s a bels\u0151 b\u00e9ke<\/strong><\/h4>\n\n\n\n<p>\u00c9rezted m\u00e1r \u00fagy, hogy az \u00e9letedben \u00fajra \u00e9s \u00fajra visszat\u00e9r\u0151 probl\u00e9m\u00e1kkal k\u00fczdesz, amelyeknek mintha nem is te lenn\u00e9l az ered\u0151je? Mintha egy l\u00e1thatatlan er\u0151 h\u00fazna bizonyos ir\u00e1nyba, vagy k\u00f6tn\u00e9 meg a kezedet bizonyos helyzetekben? Ez gyakran a csal\u00e1di rendszer\u00fcnkben rejl\u0151, feldolgozatlan dinamik\u00e1k eredm\u00e9nye.<\/p>\n\n\n\n<p><strong>Mi is az a csal\u00e1d\u00e1ll\u00edt\u00e1s?<\/strong> <\/p>\n\n\n\n<p>A <strong>csal\u00e1d\u00e1ll\u00edt\u00e1s<\/strong> egy rendk\u00edv\u00fcl hat\u00e9kony m\u00f3dszer, amelyet <strong>Bert Hellinger<\/strong> n\u00e9met pszichoterapeuta dolgozott ki. A l\u00e9nyege, hogy seg\u00edt felt\u00e1rni \u00e9s meg\u00e9rteni azokat a gyakran tudattalan, <strong>rejtett csal\u00e1di dinamik\u00e1kat<\/strong>, amelyek gener\u00e1ci\u00f3kon kereszt\u00fcl hatnak r\u00e1nk. Ezek a dinamik\u00e1k, p\u00e9ld\u00e1ul egy-egy kiz\u00e1rt csal\u00e1dtag, egy eltitkolt trag\u00e9dia, vagy egy fel nem dolgozott igazs\u00e1gtalans\u00e1g, m\u00e9lyen befoly\u00e1solhatj\u00e1k az \u00e9let\u00fcnket, p\u00e1rkapcsolatainkat, eg\u00e9szs\u00e9g\u00fcnket \u00e9s sikereinket.<\/p>\n\n\n\n<p><strong>Hogyan m\u0171k\u00f6dik a csal\u00e1d\u00e1ll\u00edt\u00e1s?<\/strong> <\/p>\n\n\n\n<p>A folyamat sor\u00e1n egy csoportban vagy egy\u00e9ni \u00fcl\u00e9sen &#8222;k\u00e9pvisel\u0151k&#8221; seg\u00edts\u00e9g\u00e9vel jelen\u00edtj\u00fck meg a csal\u00e1dtagokat vagy az \u00e9rintett t\u00e9nyez\u0151ket. Ezek a k\u00e9pvisel\u0151k (akik lehetnek m\u00e1s emberek egy csoportban, vagy t\u00e1rgyak egy egy\u00e9ni \u00fcl\u00e9sen) egy intu\u00edci\u00f3n alapul\u00f3 elrendez\u00e9sben ker\u00fclnek elhelyez\u00e9sre a t\u00e9rben. Elhelyezked\u00e9s\u00fck \u00e9s egym\u00e1shoz val\u00f3 viszonyuk azonnal l\u00e1that\u00f3v\u00e1 teszi a csal\u00e1di rendszerben uralkod\u00f3 dinamik\u00e1kat:<\/p>\n\n\n\n<ul class=\"wp-block-list\">\n<li><strong>Kihez \u00e1llunk k\u00f6zel, \u00e9s kit\u0151l vagyunk t\u00e1vol?<\/strong><\/li>\n\n\n\n<li><strong>Kire n\u00e9z\u00fcnk, \u00e9s ki fordul el t\u0151l\u00fcnk?<\/strong><\/li>\n\n\n\n<li><strong>Hol vannak a fesz\u00fclts\u00e9gek, \u00e9s hol az elakad\u00e1sok?<\/strong><\/li>\n<\/ul>\n\n\n\n<p>Ez a vizu\u00e1lis \u00e9s energetikai megjelen\u00edt\u00e9s teszi lehet\u0151v\u00e9, hogy k\u00f6nnyebben \u00e9szrevegy\u00fck az elfojtott \u00e9rzelmeket, a gener\u00e1ci\u00f3kon \u00e1t\u00edvel\u0151 traum\u00e1kat \u00e9s a r\u00e1nk hat\u00f3 kapcsolati mint\u00e1kat.<\/p>\n\n\n\n<p><strong>A c\u00e9l: Rendet tenni a rendszerben<\/strong> <\/p>\n\n\n\n<p>A csal\u00e1d\u00e1ll\u00edt\u00e1s alapvet\u0151 c\u00e9lja, hogy <strong>vissza\u00e1ll\u00edtsa a \u201erendet\u201d<\/strong> a csal\u00e1di rendszerben. Hellinger felismerte, hogy minden csal\u00e1di rendszernek van egy term\u00e9szetes rendje, \u00e9s ha ez a rend valahol megs\u00e9r\u00fcl \u2013 p\u00e9ld\u00e1ul ha valakit kiz\u00e1rnak a rendszerb\u0151l, vagy valaki m\u00e1s sors\u00e1t cipeli \u2013, az hat\u00e1ssal van a k\u00e9s\u0151bbi gener\u00e1ci\u00f3kra is. A csal\u00e1d\u00e1ll\u00edt\u00e1s sor\u00e1n a meg\u00e9rt\u00e9s \u00e9s a tisztelet r\u00e9v\u00e9n tudatos\u00edtjuk ezeket a s\u00e9r\u00fcl\u00e9seket, \u00e9s keress\u00fck a lehet\u0151s\u00e9get arra, hogy a rendszer minden tagja elfoglalhassa a neki j\u00e1r\u00f3 helyet.<\/p>\n\n\n\n<p><strong>Mit hozhat sz\u00e1modra a csal\u00e1d\u00e1ll\u00edt\u00e1s?<\/strong> <\/p>\n\n\n\n<p>Ez a m\u00e9lyrehat\u00f3 folyamat hatalmas lehet\u0151s\u00e9get teremt a <strong>gy\u00f3gyul\u00e1sra \u00e9s a harmonikusabb kapcsolatok kialak\u00edt\u00e1s\u00e1ra<\/strong>. Amikor a rendszer rendje helyre\u00e1ll, \u00e9s a terhek visszaker\u00fclnek oda, ahov\u00e1 tartoznak, felszabadulhatsz a l\u00e1thatatlan k\u00f6tel\u00e9kek al\u00f3l, \u00e9s:<\/p>\n\n\n\n<ul class=\"wp-block-list\">\n<li><strong>Megszabadulhatsz ism\u00e9tl\u0151d\u0151 probl\u00e9m\u00e1kt\u00f3l<\/strong>\u00a0(pl. p\u00e1rkapcsolati neh\u00e9zs\u00e9gek, anyagi elakad\u00e1sok, betegs\u00e9gek).<\/li>\n\n\n\n<li><strong>Jobban meg\u00e9rtheted \u00f6nmagad<\/strong>\u00a0\u00e9s a viselked\u00e9sed mozgat\u00f3rug\u00f3it.<\/li>\n\n\n\n<li><strong>Tiszt\u00e1bb\u00e1 v\u00e1lhatnak a kapcsolataid<\/strong>\u00a0a csal\u00e1dtagjaiddal.<\/li>\n\n\n\n<li><strong>N\u00f6velheted az \u00f6nbizalmadat<\/strong>\u00a0\u00e9s a bels\u0151 stabilit\u00e1sodat.<\/li>\n\n\n\n<li><strong>\u00daj energi\u00e1k szabadulhatnak fel<\/strong>, amelyek a boldogabb, teljesebb \u00e9lethez seg\u00edtenek hozz\u00e1.<\/li>\n<\/ul>\n\n\n\n<p>Ha k\u00e9szen \u00e1llsz arra, hogy szemben\u00e9zz a csal\u00e1di rendszered dinamik\u00e1ival, \u00e9s felszabad\u00edtsd magad a m\u00falt terhei al\u00f3l, a csal\u00e1d\u00e1ll\u00edt\u00e1s egy t\u00e1mogat\u00f3 \u00e9s \u00e1talak\u00edt\u00f3 utaz\u00e1s lehet sz\u00e1modra. V\u00e1rlak szeretettel, hogy egy\u00fctt fedezz\u00fck fel a bels\u0151 b\u00e9k\u00e9dhez vezet\u0151 utat!<\/p>\n","protected":false},"excerpt":{"rendered":"<p>A l\u00e1thatatlan k\u00f6telek \u00e9s a bels\u0151 b\u00e9ke \u00c9rezted m\u00e1r \u00fagy, &hellip; <\/p>\n","protected":false},"author":3,"featured_media":0,"parent":0,"menu_order":0,"comment_status":"closed","ping_status":"closed","template":"","meta":{"_uag_custom_page_level_css":"","_kadence_starter_templates_imported_post":false,"footnotes":""},"class_list":["post-566","page","type-page","status-publish","hentry","latest_post"],"uagb_featured_image_src":{"full":false,"thumbnail":false,"medium":false,"medium_large":false,"large":false,"1536x1536":false,"2048x2048":false,"chic-lite-schema":false,"chic-lite-slider":false,"chic-lite-slider-one":false,"chic-lite-featured-four":false,"chic-lite-blog":false,"chic-lite-latest":false,"chic-lite-blog-one":false,"chic-lite-sidebar":false},"uagb_author_info":{"display_name":"Kriszta Kolonics","author_link":"https:\/\/kolonicskriszta.hu\/index.php\/author\/mazsi\/"},"uagb_comment_info":0,"uagb_excerpt":"A l\u00e1thatatlan k\u00f6telek \u00e9s a bels\u0151 b\u00e9ke \u00c9rezted m\u00e1r \u00fagy, &hellip;","_links":{"self":[{"href":"https:\/\/kolonicskriszta.hu\/index.php\/wp-json\/wp\/v2\/pages\/566","targetHints":{"allow":["GET"]}}],"collection":[{"href":"https:\/\/kolonicskriszta.hu\/index.php\/wp-json\/wp\/v2\/pages"}],"about":[{"href":"https:\/\/kolonicskriszta.hu\/index.php\/wp-json\/wp\/v2\/types\/page"}],"author":[{"embeddable":true,"href":"https:\/\/kolonicskriszta.hu\/index.php\/wp-json\/wp\/v2\/users\/3"}],"replies":[{"embeddable":true,"href":"https:\/\/kolonicskriszta.hu\/index.php\/wp-json\/wp\/v2\/comments?post=566"}],"version-history":[{"count":2,"href":"https:\/\/kolonicskriszta.hu\/index.php\/wp-json\/wp\/v2\/pages\/566\/revisions"}],"predecessor-version":[{"id":572,"href":"https:\/\/kolonicskriszta.hu\/index.php\/wp-json\/wp\/v2\/pages\/566\/revisions\/572"}],"wp:attachment":[{"href":"https:\/\/kolonicskriszta.hu\/index.php\/wp-json\/wp\/v2\/media?parent=566"}],"curies":[{"name":"wp","href":"https:\/\/api.w.org\/{rel}","templated":true}]}}